{"id":1736,"date":"2021-02-17T16:38:17","date_gmt":"2021-02-17T16:38:17","guid":{"rendered":"https:\/\/redesquintopoder.org.mx\/media\/?page_id=1736"},"modified":"2021-02-20T18:31:11","modified_gmt":"2021-02-20T18:31:11","slug":"nla2","status":"publish","type":"page","link":"https:\/\/redesquintopoder.org.mx\/media\/nla2\/","title":{"rendered":"Trabajo vs Corrupci\u00f3n Nuevo Le\u00f3n | Acci\u00f3n 001"},"content":{"rendered":"\t\t<div data-elementor-type=\"wp-page\" data-elementor-id=\"1736\" class=\"elementor elementor-1736\" data-elementor-settings=\"[]\">\n\t\t\t\t\t\t<div class=\"elementor-inner\">\n\t\t\t\t\t\t\t<div class=\"elementor-section-wrap\">\n\t\t\t\t\t\t\t<section class=\"elementor-section elementor-top-section elementor-element elementor-element-378770d elementor-section-boxed elementor-section-height-default elementor-section-height-default\" data-id=\"378770d\" data-element_type=\"section\">\n\t\t\t\t\t\t<div class=\"elementor-container elementor-column-gap-default\">\n\t\t\t\t\t\t\t<div class=\"elementor-row\">\n\t\t\t\t\t<div class=\"elementor-column elementor-col-100 elementor-top-column elementor-element elementor-element-ab98440\" data-id=\"ab98440\" data-element_type=\"column\">\n\t\t\t<div class=\"elementor-column-wrap elementor-element-populated\">\n\t\t\t\t\t\t\t<div class=\"elementor-widget-wrap\">\n\t\t\t\t\t\t<div class=\"elementor-element elementor-element-f058a1d elementor-widget elementor-widget-heading\" data-id=\"f058a1d\" data-element_type=\"widget\" data-widget_type=\"heading.default\">\n\t\t\t\t<div class=\"elementor-widget-container\">\n\t\t\t<h2 class=\"elementor-heading-title elementor-size-default\">Trabajo vs Corrupci\u00f3n Nuevo Le\u00f3n | Acci\u00f3n 001<\/h2>\t\t<\/div>\n\t\t\t\t<\/div>\n\t\t\t\t\t\t<\/div>\n\t\t\t\t\t<\/div>\n\t\t<\/div>\n\t\t\t\t\t\t\t\t<\/div>\n\t\t\t\t\t<\/div>\n\t\t<\/section>\n\t\t\t\t<section class=\"elementor-section elementor-top-section elementor-element elementor-element-69aa355 elementor-section-boxed elementor-section-height-default elementor-section-height-default\" data-id=\"69aa355\" data-element_type=\"section\">\n\t\t\t\t\t\t<div class=\"elementor-container elementor-column-gap-default\">\n\t\t\t\t\t\t\t<div class=\"elementor-row\">\n\t\t\t\t\t<div class=\"elementor-column elementor-col-100 elementor-top-column elementor-element elementor-element-ef57c98\" data-id=\"ef57c98\" data-element_type=\"column\">\n\t\t\t<div class=\"elementor-column-wrap elementor-element-populated\">\n\t\t\t\t\t\t\t<div class=\"elementor-widget-wrap\">\n\t\t\t\t\t\t<div class=\"elementor-element elementor-element-48ac279 elementor-widget elementor-widget-text-editor\" data-id=\"48ac279\" data-element_type=\"widget\" data-widget_type=\"text-editor.default\">\n\t\t\t\t<div class=\"elementor-widget-container\">\n\t\t\t\t\t\t\t\t<div class=\"elementor-text-editor elementor-clearfix\">\n\t\t\t\t\t<p data-pm-context=\"[]\"><strong>Monterrey, M\u00e9xico a 17 de febrero de 2021<\/strong><\/p><h3 data-pm-context=\"[]\"><strong>COMUNICADO: DEMANDAN A SEANL Y COTAI CUMPLIR CON SU TRABAJO<\/strong><\/h3><p>El 15 de febrero de 2021, Coparmex Nuevo Le\u00f3n y Redes Quinto Poder IDEA, <a href=\"https:\/\/redesquintopoder.org.mx\/media\/nla1\/\">establecimos una alianza denominada #TrabajoVsCorrupci\u00f3n,<\/a> con el objetivo de realizar mediciones mensuales y concretar cambios de forma y fondo, para fortalecer el combate a la corrupci\u00f3n en Nuevo Le\u00f3n.<\/p><p>-Coparmex Nuevo Le\u00f3n y Redes Quinto Poder IDEA, demandan respuesta al SEA sobre faltas a los principios de m\u00e1xima publicidad y transparencia.<\/p><p>-Denuncian ante la COTAI por faltas graves a la Ley de Transparencia<\/p><p>-Demandan al SEANL hacer publico el contrato, el nombre de la empresa y monto que pagaran por encargar a terceros la pol\u00edtica anticorrupci\u00f3n, algo que se supone es su tarea y por que cobraron millones en el \u00faltimo a\u00f1o.<\/p>\t\t\t\t\t<\/div>\n\t\t\t\t\t\t<\/div>\n\t\t\t\t<\/div>\n\t\t\t\t<div class=\"elementor-element elementor-element-03b52d8 elementor-widget elementor-widget-image\" data-id=\"03b52d8\" data-element_type=\"widget\" data-widget_type=\"image.default\">\n\t\t\t\t<div class=\"elementor-widget-container\">\n\t\t\t\t\t\t\t\t<div class=\"elementor-image\">\n\t\t\t\t\t\t\t\t\t\t\t\t<img decoding=\"async\" src=\"https:\/\/redesquintopoder.org.mx\/media\/wp-content\/uploads\/elementor\/thumbs\/anticorrupcion-scaled-pklytq23w2l0ix92wrpato5a9hxfvsk2mjof9mhz1c.jpg\" title=\"anticorrupci\u00f3n\" alt=\"anticorrupci\u00f3n\" \/>\t\t\t\t\t\t\t\t\t\t\t\t\t\t<\/div>\n\t\t\t\t\t\t<\/div>\n\t\t\t\t<\/div>\n\t\t\t\t\t\t<\/div>\n\t\t\t\t\t<\/div>\n\t\t<\/div>\n\t\t\t\t\t\t\t\t<\/div>\n\t\t\t\t\t<\/div>\n\t\t<\/section>\n\t\t\t\t<section class=\"elementor-section elementor-top-section elementor-element elementor-element-dad0047 elementor-section-boxed elementor-section-height-default elementor-section-height-default\" data-id=\"dad0047\" data-element_type=\"section\">\n\t\t\t\t\t\t<div class=\"elementor-container elementor-column-gap-default\">\n\t\t\t\t\t\t\t<div class=\"elementor-row\">\n\t\t\t\t\t<div class=\"elementor-column elementor-col-100 elementor-top-column elementor-element elementor-element-3694b1a\" data-id=\"3694b1a\" data-element_type=\"column\">\n\t\t\t<div class=\"elementor-column-wrap elementor-element-populated\">\n\t\t\t\t\t\t\t<div class=\"elementor-widget-wrap\">\n\t\t\t\t\t\t<div class=\"elementor-element elementor-element-68a25b0 elementor-widget elementor-widget-text-editor\" data-id=\"68a25b0\" data-element_type=\"widget\" data-widget_type=\"text-editor.default\">\n\t\t\t\t<div class=\"elementor-widget-container\">\n\t\t\t\t\t\t\t\t<div class=\"elementor-text-editor elementor-clearfix\">\n\t\t\t\t\t\t\t\t\t\t<\/div>\n\t\t\t\t\t\t<\/div>\n\t\t\t\t<\/div>\n\t\t\t\t\t\t<\/div>\n\t\t\t\t\t<\/div>\n\t\t<\/div>\n\t\t\t\t\t\t\t\t<\/div>\n\t\t\t\t\t<\/div>\n\t\t<\/section>\n\t\t\t\t<section class=\"elementor-section elementor-top-section elementor-element elementor-element-0b1d482 elementor-section-boxed elementor-section-height-default elementor-section-height-default\" data-id=\"0b1d482\" data-element_type=\"section\">\n\t\t\t\t\t\t<div class=\"elementor-container elementor-column-gap-default\">\n\t\t\t\t\t\t\t<div class=\"elementor-row\">\n\t\t\t\t\t<div class=\"elementor-column elementor-col-100 elementor-top-column elementor-element elementor-element-1d22c88\" data-id=\"1d22c88\" data-element_type=\"column\">\n\t\t\t<div class=\"elementor-column-wrap elementor-element-populated\">\n\t\t\t\t\t\t\t<div class=\"elementor-widget-wrap\">\n\t\t\t\t\t\t<div class=\"elementor-element elementor-element-5f97709 elementor-widget elementor-widget-text-editor\" data-id=\"5f97709\" data-element_type=\"widget\" data-widget_type=\"text-editor.default\">\n\t\t\t\t<div class=\"elementor-widget-container\">\n\t\t\t\t\t\t\t\t<div class=\"elementor-text-editor elementor-clearfix\">\n\t\t\t\t\t<h3 data-pm-context=\"[]\"><strong>Como seguimiento a las acciones el d\u00eda martes 16 de febrero del 2021, informamos a la Secretar\u00eda Ejecutiva del Sistema Estatal Anticorrupci\u00f3n que hemos documentado el incumplimiento a dos principios b\u00e1sicos de la Ley del Sistema Estatal, la m\u00e1xima publicidad y la transparencia, as\u00ed entonces:<\/strong><\/h3><p>No cuentan con informaci\u00f3n actualizada<\/p><p>No se encontraron minutas de actas o sesiones<\/p><p>No cuentan con documentales de convenios que dicen haber firmado<\/p><p>No existe forma de qu\u00e9 podamos comprobar en qu\u00e9 trabajaron<\/p><p>No cuentan con la informaci\u00f3n de las funciones de cada puesto que s\u00ed pagan<\/p><p>Por medio de un oficio solicitamos una respuesta formal y nos reiteramos a su disposici\u00f3n para sostener alguna reuni\u00f3n con la finalidad de aclarar los puntos antes expuestos.<\/p><p>Dicho oficio ha sido recibido por la Secretar\u00eda Ejecutiva del Sistema Estatal Anticorrupci\u00f3n y puede ser consultado en la siguiente liga:\u00a0<\/p><p><a href=\"https:\/\/redesquintopoder.org.mx\/media\/wp-content\/uploads\/2021\/02\/seanlfeb162021.pdf\">https:\/\/redesquintopoder.org.mx\/media\/wp-content\/uploads\/2021\/02\/seanlfeb162021.pdf<\/a><\/p>\t\t\t\t\t<\/div>\n\t\t\t\t\t\t<\/div>\n\t\t\t\t<\/div>\n\t\t\t\t<div class=\"elementor-element elementor-element-f9beb03 elementor-widget elementor-widget-image\" data-id=\"f9beb03\" data-element_type=\"widget\" data-widget_type=\"image.default\">\n\t\t\t\t<div class=\"elementor-widget-container\">\n\t\t\t\t\t\t\t\t<div class=\"elementor-image\">\n\t\t\t\t\t\t\t\t\t\t\t\t<img loading=\"lazy\" decoding=\"async\" width=\"808\" height=\"801\" src=\"https:\/\/redesquintopoder.org.mx\/media\/wp-content\/uploads\/2021\/02\/oficiaseanl.jpg\" class=\"attachment-large size-large\" alt=\"\" srcset=\"https:\/\/redesquintopoder.org.mx\/media\/wp-content\/uploads\/2021\/02\/oficiaseanl.jpg 808w, https:\/\/redesquintopoder.org.mx\/media\/wp-content\/uploads\/2021\/02\/oficiaseanl-300x297.jpg 300w, https:\/\/redesquintopoder.org.mx\/media\/wp-content\/uploads\/2021\/02\/oficiaseanl-150x150.jpg 150w, https:\/\/redesquintopoder.org.mx\/media\/wp-content\/uploads\/2021\/02\/oficiaseanl-768x761.jpg 768w\" sizes=\"(max-width: 808px) 100vw, 808px\" \/>\t\t\t\t\t\t\t\t\t\t\t\t\t\t<\/div>\n\t\t\t\t\t\t<\/div>\n\t\t\t\t<\/div>\n\t\t\t\t\t\t<\/div>\n\t\t\t\t\t<\/div>\n\t\t<\/div>\n\t\t\t\t\t\t\t\t<\/div>\n\t\t\t\t\t<\/div>\n\t\t<\/section>\n\t\t\t\t<section class=\"elementor-section elementor-top-section elementor-element elementor-element-8c44905 elementor-section-boxed elementor-section-height-default elementor-section-height-default\" data-id=\"8c44905\" data-element_type=\"section\">\n\t\t\t\t\t\t<div class=\"elementor-container elementor-column-gap-default\">\n\t\t\t\t\t\t\t<div class=\"elementor-row\">\n\t\t\t\t\t<div class=\"elementor-column elementor-col-100 elementor-top-column elementor-element elementor-element-9bd89ab\" data-id=\"9bd89ab\" data-element_type=\"column\">\n\t\t\t<div class=\"elementor-column-wrap\">\n\t\t\t\t\t\t\t<div class=\"elementor-widget-wrap\">\n\t\t\t\t\t\t\t\t<\/div>\n\t\t\t\t\t<\/div>\n\t\t<\/div>\n\t\t\t\t\t\t\t\t<\/div>\n\t\t\t\t\t<\/div>\n\t\t<\/section>\n\t\t\t\t<section class=\"elementor-section elementor-top-section elementor-element elementor-element-cc9a670 elementor-section-boxed elementor-section-height-default elementor-section-height-default\" data-id=\"cc9a670\" data-element_type=\"section\">\n\t\t\t\t\t\t<div class=\"elementor-container elementor-column-gap-default\">\n\t\t\t\t\t\t\t<div class=\"elementor-row\">\n\t\t\t\t\t<div class=\"elementor-column elementor-col-100 elementor-top-column elementor-element elementor-element-4e67410\" data-id=\"4e67410\" data-element_type=\"column\">\n\t\t\t<div class=\"elementor-column-wrap elementor-element-populated\">\n\t\t\t\t\t\t\t<div class=\"elementor-widget-wrap\">\n\t\t\t\t\t\t<div class=\"elementor-element elementor-element-fe4d98f elementor-widget elementor-widget-text-editor\" data-id=\"fe4d98f\" data-element_type=\"widget\" data-widget_type=\"text-editor.default\">\n\t\t\t\t<div class=\"elementor-widget-container\">\n\t\t\t\t\t\t\t\t<div class=\"elementor-text-editor elementor-clearfix\">\n\t\t\t\t\t<h3 data-pm-context=\"[]\"><strong>De igual forma, hemos informado a la Comisi\u00f3n de Transparencia y Acceso a la Informaci\u00f3n del Estado de Nuevo Le\u00f3n, de violaciones graves a la Ley de Transparencia y al ejercicio pleno al derecho a la informaci\u00f3n, as\u00ed como denunciado ante esta Comisi\u00f3n el incumplimiento de diversas obligaciones de transparencia de la Secretar\u00eda Ejecutiva del Sistema Estatal Anticorrupci\u00f3n de Nuevo Le\u00f3n.<\/strong><\/h3><p>Les hemos solicitado por escrito una amplia verificaci\u00f3n y que se nos informe por escrito del resultado de la misma. Para consultar el escrito que ya fue recibido, favor de ingresar a la siguiente liga:\u00a0<\/p><p><a href=\"https:\/\/redesquintopoder.org.mx\/media\/wp-content\/uploads\/2021\/02\/cotaifeb162021.pdf\">https:\/\/redesquintopoder.org.mx\/media\/wp-content\/uploads\/2021\/02\/cotaifeb162021.pdf<\/a><\/p>\t\t\t\t\t<\/div>\n\t\t\t\t\t\t<\/div>\n\t\t\t\t<\/div>\n\t\t\t\t<div class=\"elementor-element elementor-element-cbe12fc elementor-widget elementor-widget-image\" data-id=\"cbe12fc\" data-element_type=\"widget\" data-widget_type=\"image.default\">\n\t\t\t\t<div class=\"elementor-widget-container\">\n\t\t\t\t\t\t\t\t<div class=\"elementor-image\">\n\t\t\t\t\t\t\t\t\t\t\t\t<img loading=\"lazy\" decoding=\"async\" width=\"1007\" height=\"851\" src=\"https:\/\/redesquintopoder.org.mx\/media\/wp-content\/uploads\/2021\/02\/oficiocotainl.jpg\" class=\"attachment-large size-large\" alt=\"\" srcset=\"https:\/\/redesquintopoder.org.mx\/media\/wp-content\/uploads\/2021\/02\/oficiocotainl.jpg 1007w, https:\/\/redesquintopoder.org.mx\/media\/wp-content\/uploads\/2021\/02\/oficiocotainl-300x254.jpg 300w, https:\/\/redesquintopoder.org.mx\/media\/wp-content\/uploads\/2021\/02\/oficiocotainl-768x649.jpg 768w\" sizes=\"(max-width: 1007px) 100vw, 1007px\" \/>\t\t\t\t\t\t\t\t\t\t\t\t\t\t<\/div>\n\t\t\t\t\t\t<\/div>\n\t\t\t\t<\/div>\n\t\t\t\t\t\t<\/div>\n\t\t\t\t\t<\/div>\n\t\t<\/div>\n\t\t\t\t\t\t\t\t<\/div>\n\t\t\t\t\t<\/div>\n\t\t<\/section>\n\t\t\t\t<section class=\"elementor-section elementor-top-section elementor-element elementor-element-41ebce3 elementor-section-boxed elementor-section-height-default elementor-section-height-default\" data-id=\"41ebce3\" data-element_type=\"section\">\n\t\t\t\t\t\t<div class=\"elementor-container elementor-column-gap-default\">\n\t\t\t\t\t\t\t<div class=\"elementor-row\">\n\t\t\t\t\t<div class=\"elementor-column elementor-col-100 elementor-top-column elementor-element elementor-element-b05c576\" data-id=\"b05c576\" data-element_type=\"column\">\n\t\t\t<div class=\"elementor-column-wrap elementor-element-populated\">\n\t\t\t\t\t\t\t<div class=\"elementor-widget-wrap\">\n\t\t\t\t\t\t<div class=\"elementor-element elementor-element-f57eac0 elementor-widget elementor-widget-text-editor\" data-id=\"f57eac0\" data-element_type=\"widget\" data-widget_type=\"text-editor.default\">\n\t\t\t\t<div class=\"elementor-widget-container\">\n\t\t\t\t\t\t\t\t<div class=\"elementor-text-editor elementor-clearfix\">\n\t\t\t\t\t<h3 data-pm-context=\"[]\"><strong>Estamos demandando a la SEANL hacer p\u00fablico en su sitio oficial el contrato, el nombre de la empresa y el mont\u00f3 que acordaron pagar por el dise\u00f1o de la \u00abpol\u00edtica anticorrupci\u00f3n del estado\u00bb&nbsp; un trabajo que supone deben realizar los integrantes del SEANL y para lo que se les destinaron, al menos, 20 millones de pesos en el ultimo a\u00f1o. Es un contrasentido que el n\u00facleo anticorrupci\u00f3n opere en opacidad y que los particulares se presenten a esta opacidad y simulaci\u00f3n.<\/strong><\/h3>\n<p>Con lo anterior, Coparmex Nuevo Le\u00f3n y Redes Quinto Poder manifestamos nuestro profundo inter\u00e9s en que los \u00f3rganos instituidos para combatir la corrupci\u00f3n en Nuevo Le\u00f3n, se conduzcan con transparencia y rindan cuentas a la ciudadan\u00eda, no s\u00f3lo de sus resultados, sino de su trabajo y el correcto uso de los recursos p\u00fablicos que les han sido asignados.<\/p>\t\t\t\t\t<\/div>\n\t\t\t\t\t\t<\/div>\n\t\t\t\t<\/div>\n\t\t\t\t\t\t<\/div>\n\t\t\t\t\t<\/div>\n\t\t<\/div>\n\t\t\t\t\t\t\t\t<\/div>\n\t\t\t\t\t<\/div>\n\t\t<\/section>\n\t\t\t\t<section class=\"elementor-section elementor-top-section elementor-element elementor-element-49ac70f elementor-section-boxed elementor-section-height-default elementor-section-height-default\" data-id=\"49ac70f\" data-element_type=\"section\">\n\t\t\t\t\t\t<div class=\"elementor-container elementor-column-gap-default\">\n\t\t\t\t\t\t\t<div class=\"elementor-row\">\n\t\t\t\t\t<div class=\"elementor-column elementor-col-100 elementor-top-column elementor-element elementor-element-5b89b3a\" data-id=\"5b89b3a\" data-element_type=\"column\">\n\t\t\t<div class=\"elementor-column-wrap\">\n\t\t\t\t\t\t\t<div class=\"elementor-widget-wrap\">\n\t\t\t\t\t\t\t\t<\/div>\n\t\t\t\t\t<\/div>\n\t\t<\/div>\n\t\t\t\t\t\t\t\t<\/div>\n\t\t\t\t\t<\/div>\n\t\t<\/section>\n\t\t\t\t<section class=\"elementor-section elementor-top-section elementor-element elementor-element-3a60229 elementor-section-boxed elementor-section-height-default elementor-section-height-default\" data-id=\"3a60229\" data-element_type=\"section\">\n\t\t\t\t\t\t<div class=\"elementor-container elementor-column-gap-default\">\n\t\t\t\t\t\t\t<div class=\"elementor-row\">\n\t\t\t\t\t<div class=\"elementor-column elementor-col-100 elementor-top-column elementor-element elementor-element-54ceee9\" data-id=\"54ceee9\" data-element_type=\"column\">\n\t\t\t<div class=\"elementor-column-wrap\">\n\t\t\t\t\t\t\t<div class=\"elementor-widget-wrap\">\n\t\t\t\t\t\t\t\t<\/div>\n\t\t\t\t\t<\/div>\n\t\t<\/div>\n\t\t\t\t\t\t\t\t<\/div>\n\t\t\t\t\t<\/div>\n\t\t<\/section>\n\t\t\t\t\t\t<\/div>\n\t\t\t\t\t\t<\/div>\n\t\t\t\t\t<\/div>\n\t\t","protected":false},"excerpt":{"rendered":"<p>Trabajo vs Corrupci\u00f3n Nuevo Le\u00f3n | Acci\u00f3n 001 Monterrey, M\u00e9xico a 17 de febrero de 2021 COMUNICADO: DEMANDAN A SEANL Y COTAI CUMPLIR CON SU TRABAJO El 15 de febrero de 2021, Coparmex Nuevo Le\u00f3n y Redes Quinto Poder IDEA, establecimos una alianza denominada #TrabajoVsCorrupci\u00f3n, con el objetivo de realizar mediciones mensuales y concretar cambios&hellip;&nbsp;<a href=\"https:\/\/redesquintopoder.org.mx\/media\/nla2\/\" class=\"\" rel=\"bookmark\">Leer m\u00e1s &raquo;<span class=\"screen-reader-text\">Trabajo vs Corrupci\u00f3n Nuevo Le\u00f3n | Acci\u00f3n 001<\/span><\/a><\/p>\n","protected":false},"author":1,"featured_media":0,"parent":0,"menu_order":0,"comment_status":"closed","ping_status":"closed","template":"page-templates\/template-pagebuilder-full-width.php","meta":{"_monsterinsights_skip_tracking":false,"_monsterinsights_sitenote_active":false,"_monsterinsights_sitenote_note":"","_monsterinsights_sitenote_category":0,"_ti_tpc_template_sync":false,"_ti_tpc_template_id":"","footnotes":""},"categories":[1],"tags":[],"yoast_head":"<!-- This site is optimized with the Yoast SEO plugin v15.8 - https:\/\/yoast.com\/wordpress\/plugins\/seo\/ -->\n<title>Trabajo vs Corrupci\u00f3n Nuevo Le\u00f3n | Acci\u00f3n 001 - Medios de Comunicaci\u00f3n<\/title>\n<meta name=\"description\" content=\"Coparmex y Redes Quinto Poder presentan queja formal a Secretaria Ejecutiva Anticorrupci\u00f3n Nuevo Le\u00f3n y a la COTAI #TrabajoVsCorrupci\u00f3n\" \/>\n<meta name=\"robots\" content=\"index, follow, max-snippet:-1, max-image-preview:large, max-video-preview:-1\" \/>\n<link rel=\"canonical\" href=\"https:\/\/redesquintopoder.org.mx\/media\/nla2\/\" \/>\n<meta property=\"og:locale\" content=\"es_ES\" \/>\n<meta property=\"og:type\" content=\"article\" \/>\n<meta property=\"og:title\" content=\"Trabajo vs Corrupci\u00f3n Nuevo Le\u00f3n | Acci\u00f3n 001 - Medios de Comunicaci\u00f3n\" \/>\n<meta property=\"og:description\" content=\"Coparmex y Redes Quinto Poder presentan queja formal a Secretaria Ejecutiva Anticorrupci\u00f3n Nuevo Le\u00f3n y a la COTAI #TrabajoVsCorrupci\u00f3n\" \/>\n<meta property=\"og:url\" content=\"https:\/\/redesquintopoder.org.mx\/media\/nla2\/\" \/>\n<meta property=\"og:site_name\" content=\"Medios de Comunicaci\u00f3n\" \/>\n<meta property=\"article:modified_time\" content=\"2021-02-20T18:31:11+00:00\" \/>\n<meta property=\"og:image\" content=\"https:\/\/redesquintopoder.org.mx\/media\/wp-content\/uploads\/elementor\/thumbs\/anticorrupcion-scaled-p35g3kdd6seb5u8fssmpoldtzf4h4394q6w7ktxhuo.jpg\" \/>\n<meta name=\"twitter:card\" content=\"summary_large_image\" \/>\n<meta name=\"twitter:label1\" content=\"Tiempo de lectura\">\n\t<meta name=\"twitter:data1\" content=\"3 minutos\">\n<script type=\"application\/ld+json\" class=\"yoast-schema-graph\">{\"@context\":\"https:\/\/schema.org\",\"@graph\":[{\"@type\":\"WebSite\",\"@id\":\"https:\/\/redesquintopoder.org.mx\/media\/#website\",\"url\":\"https:\/\/redesquintopoder.org.mx\/media\/\",\"name\":\"Medios de Comunicaci\\u00f3n\",\"description\":\"Nuestro Trabajo en Medios de Comunicaci\\u00f3n\",\"potentialAction\":[{\"@type\":\"SearchAction\",\"target\":\"https:\/\/redesquintopoder.org.mx\/media\/?s={search_term_string}\",\"query-input\":\"required name=search_term_string\"}],\"inLanguage\":\"es\"},{\"@type\":\"ImageObject\",\"@id\":\"https:\/\/redesquintopoder.org.mx\/media\/nla2\/#primaryimage\",\"inLanguage\":\"es\",\"url\":\"https:\/\/redesquintopoder.org.mx\/media\/wp-content\/uploads\/elementor\/thumbs\/anticorrupcion-scaled-p35g3kdd6seb5u8fssmpoldtzf4h4394q6w7ktxhuo.jpg\"},{\"@type\":\"WebPage\",\"@id\":\"https:\/\/redesquintopoder.org.mx\/media\/nla2\/#webpage\",\"url\":\"https:\/\/redesquintopoder.org.mx\/media\/nla2\/\",\"name\":\"Trabajo vs Corrupci\\u00f3n Nuevo Le\\u00f3n | Acci\\u00f3n 001 - Medios de Comunicaci\\u00f3n\",\"isPartOf\":{\"@id\":\"https:\/\/redesquintopoder.org.mx\/media\/#website\"},\"primaryImageOfPage\":{\"@id\":\"https:\/\/redesquintopoder.org.mx\/media\/nla2\/#primaryimage\"},\"datePublished\":\"2021-02-17T16:38:17+00:00\",\"dateModified\":\"2021-02-20T18:31:11+00:00\",\"description\":\"Coparmex y Redes Quinto Poder presentan queja formal a Secretaria Ejecutiva Anticorrupci\\u00f3n Nuevo Le\\u00f3n y a la COTAI #TrabajoVsCorrupci\\u00f3n\",\"breadcrumb\":{\"@id\":\"https:\/\/redesquintopoder.org.mx\/media\/nla2\/#breadcrumb\"},\"inLanguage\":\"es\",\"potentialAction\":[{\"@type\":\"ReadAction\",\"target\":[\"https:\/\/redesquintopoder.org.mx\/media\/nla2\/\"]}]},{\"@type\":\"BreadcrumbList\",\"@id\":\"https:\/\/redesquintopoder.org.mx\/media\/nla2\/#breadcrumb\",\"itemListElement\":[{\"@type\":\"ListItem\",\"position\":1,\"item\":{\"@type\":\"WebPage\",\"@id\":\"https:\/\/redesquintopoder.org.mx\/media\/\",\"url\":\"https:\/\/redesquintopoder.org.mx\/media\/\",\"name\":\"Portada\"}},{\"@type\":\"ListItem\",\"position\":2,\"item\":{\"@type\":\"WebPage\",\"@id\":\"https:\/\/redesquintopoder.org.mx\/media\/nla2\/\",\"url\":\"https:\/\/redesquintopoder.org.mx\/media\/nla2\/\",\"name\":\"Trabajo vs Corrupci\\u00f3n Nuevo Le\\u00f3n | Acci\\u00f3n 001\"}}]}]}<\/script>\n<!-- \/ Yoast SEO plugin. -->","_links":{"self":[{"href":"https:\/\/redesquintopoder.org.mx\/media\/wp-json\/wp\/v2\/pages\/1736"}],"collection":[{"href":"https:\/\/redesquintopoder.org.mx\/media\/wp-json\/wp\/v2\/pages"}],"about":[{"href":"https:\/\/redesquintopoder.org.mx\/media\/wp-json\/wp\/v2\/types\/page"}],"author":[{"embeddable":true,"href":"https:\/\/redesquintopoder.org.mx\/media\/wp-json\/wp\/v2\/users\/1"}],"replies":[{"embeddable":true,"href":"https:\/\/redesquintopoder.org.mx\/media\/wp-json\/wp\/v2\/comments?post=1736"}],"version-history":[{"count":44,"href":"https:\/\/redesquintopoder.org.mx\/media\/wp-json\/wp\/v2\/pages\/1736\/revisions"}],"predecessor-version":[{"id":1800,"href":"https:\/\/redesquintopoder.org.mx\/media\/wp-json\/wp\/v2\/pages\/1736\/revisions\/1800"}],"wp:attachment":[{"href":"https:\/\/redesquintopoder.org.mx\/media\/wp-json\/wp\/v2\/media?parent=1736"}],"wp:term":[{"taxonomy":"category","embeddable":true,"href":"https:\/\/redesquintopoder.org.mx\/media\/wp-json\/wp\/v2\/categories?post=1736"},{"taxonomy":"post_tag","embeddable":true,"href":"https:\/\/redesquintopoder.org.mx\/media\/wp-json\/wp\/v2\/tags?post=1736"}],"curies":[{"name":"wp","href":"https:\/\/api.w.org\/{rel}","templated":true}]}}